{"id":578,"date":"2020-01-12T17:09:49","date_gmt":"2020-01-12T17:09:49","guid":{"rendered":"http:\/\/www.cedricko.com\/?page_id=578"},"modified":"2020-01-12T17:13:57","modified_gmt":"2020-01-12T17:13:57","slug":"tri-proteine-the-whey","status":"publish","type":"page","link":"http:\/\/www.cedricko.com\/?page_id=578","title":{"rendered":"Tri-Prot\u00e9ine (THE WHEY)"},"content":{"rendered":"\n<hr class=\"wp-block-separator\"\/>\n\n\n\n<p><strong>Qu\u2019est-ce que THEWHEY ?<\/strong><\/p>\n\n\n\n<p>nouvelles normes en mati\u00e8re de nutrition\nsportive. \u00ab&nbsp;Thewhey&nbsp;\u00bb est une prot\u00e9ine de lactos\u00e9rum de premi\u00e8re\nqualit\u00e9 qui a \u00e9t\u00e9 sp\u00e9cialement con\u00e7ue et d\u00e9velopp\u00e9e afin de favoriser la\nr\u00e9cup\u00e9ration et la croissance musculaire.<\/p>\n\n\n\n<p><strong>Voici tout ce que vous devez savoir sur Thewhey.<\/strong><\/p>\n\n\n\n<p>Il existe des tas de Whey (prot\u00e9ines de\nlactos\u00e9rum) sur le march\u00e9, elles se distinguent par leur composition et leur\nqualit\u00e9. Et c\u2019est l\u00e0 que Thewhey se d\u00e9marque&nbsp;!<\/p>\n\n\n\n<p>Avec 25gr de prot\u00e9ines par portion et seulement\n2gr de glucides et 1gr de lipides, ce m\u00e9lange ultra-premium de concentr\u00e2t\nd\u2019isolat et d\u2019hydrolysat de lactos\u00e9rum d\u00e9livre la forme la plus pure de\nprot\u00e9ine de lactos\u00e9rum. C\u2019est la whey poss\u00e9dant les meilleures valeurs\nnutritionnelles par portion sur le march\u00e9.<\/p>\n\n\n\n<p>Alors, pourquoi ce m\u00e9lange de trois formes\nde Whey&nbsp;: concentr\u00e2t, isolat et hydrolysat&nbsp;?<\/p>\n\n\n\n<p><strong>\u2713 Concentr\u00e2t de lactos\u00e9rum<\/strong><\/p>\n\n\n\n<p>La prot\u00e9ine de lactos\u00e9rum s\u2019absorbe\nrapidement, ce qui en fait une excellente source de prot\u00e9ines afin de favoriser\nla r\u00e9cup\u00e9ration et la croissance musculaire. La prot\u00e9ine de lactos\u00e9rum est\ncompl\u00e8te, c\u2019est-\u00e0-dire qu\u2019elle contient les 9 acides amin\u00e9s essentiels qui\npermettent de stimuler la synth\u00e8se prot\u00e9ique.<\/p>\n\n\n\n<p><strong>\u2713 Isolat de lactos\u00e9rum<\/strong><\/p>\n\n\n\n<p>L\u2019isolat de lactos\u00e9rum contient 90 % de\nprot\u00e9ines et apporte extr\u00eamement peu de glucides et lipides. Cela en fait une\nexcellente source de prot\u00e9ines d\u2019une grande puret\u00e9 afin de favoriser le\nd\u00e9veloppement musculaire.<\/p>\n\n\n\n<p><strong>\u2713 Hydrolysat de lactos\u00e9rum<\/strong><\/p>\n\n\n\n<p>Cette forme de prot\u00e9ine a \u00e9t\u00e9 pr\u00e9dig\u00e9r\u00e9e,\nce qui signifie qu\u2019elle est absorb\u00e9e encore plus rapidement par le corps et\npermet une nouvelle fois d\u2019am\u00e9liorer la r\u00e9cup\u00e9ration apr\u00e8s l\u2019effort.<\/p>\n\n\n\n<p>Ce triple m\u00e9lange est scientifiquement\nprouv\u00e9 pour vous aider \u00e0 d\u00e9velopper votre masse musculaire et \u00e0 am\u00e9liorer de\nfa\u00e7on d\u00e9cisive le processus de r\u00e9cup\u00e9ration apr\u00e8s un exercice intense.<\/p>\n\n\n\n<p><strong>Les ingr\u00e9dients cl\u00e9s<\/strong><\/p>\n\n\n\n<p>Ce n\u2019est pas fini&nbsp;! Il y a d\u2019autres\nfacteurs qui font que Thewhey se d\u00e9marque de toutes les autres prot\u00e9ines de\nlactos\u00e9rum. En effet, ce n\u2019est pas seulement sa valeur nutritionnelle\nsup\u00e9rieure qui compte, mais \u00e9galement certains de ses ingr\u00e9dients cl\u00e9s.<\/p>\n\n\n\n<p><strong>Autres ingr\u00e9dients importants de THEWHEY:<\/strong><\/p>\n\n\n\n<p><strong>\u2713 Digezyme \u00ae<\/strong><\/p>\n\n\n\n<p>Le Digezyme \u00ae est un complexe\nmulti-enzymatique contenant une gamme compl\u00e8te d\u2019enzymes avec : l\u2019amylase, la\nlactase, la cellulose, la lipase et la prot\u00e9ase. Le r\u00f4le de ces enzymes est de\nd\u00e9grader les nutriments tels que les glucides, le lactose, les lipides et les\nprot\u00e9ines. Cela aide le corps \u00e0 absorber au mieux ces nutriments.<\/p>\n\n\n\n<p>Se suppl\u00e9menter en Digezyme \u00ae fournit au\ncorps une quantit\u00e9 efficace de ces enzymes digestives qui, assisteront votre\ncorps afin de mieux utiliser les prot\u00e9ines que vous consommez. Cela dans le but\nde favoriser la croissance musculaire, r\u00e9parer votre organisme et am\u00e9liorer\nvotre force.<\/p>\n\n\n\n<p><strong>\u2713 Aminogen \u00ae<\/strong><\/p>\n\n\n\n<p>L\u2019Aminogen \u00ae est une enzyme de digestion\ndes prot\u00e9ines qui permet \u00e0 votre corps de dig\u00e9rer plus efficacement ces\nderni\u00e8res. Au bout du compte, cela permet d\u2019augmenter la r\u00e9cup\u00e9ration et la\ncroissance musculaire.<\/p>\n\n\n\n<p>Lorsque votre alimentation est riche en\nprot\u00e9ines, votre corps a du mal \u00e0 dig\u00e9rer et \u00e0 d\u00e9composer l\u2019exc\u00e8s de prot\u00e9ines.\nSi vous ne pouvez pas dig\u00e9rer correctement les prot\u00e9ines que vous ing\u00e9rez, il\nn\u2019y a alors pas grand int\u00e9r\u00eat \u00e0 les consommer. L\u2019Aminogen \u00ae vous aide \u00e0 tirer\nle meilleur parti des prot\u00e9ines que vous consommez en acc\u00e9l\u00e9rant et en\nam\u00e9liorant l\u2019efficacit\u00e9 du processus de digestion.<\/p>\n\n\n\n<p><strong>Quand prendre THEWHEY ?<\/strong><\/p>\n\n\n\n<p>Pour des r\u00e9sultats optimaux, vous devriez\nchercher \u00e0 consommer une portion de Thewhey dans les 20 minutes qui suivent\nvotre entra\u00eenement, ce qui contribuera \u00e0 une croissance et une r\u00e9paration\nmusculaire optimis\u00e9es.<\/p>\n\n\n\n<p>Mais vous pouvez \u00e9galement prendre Thewhey\n\u00e0 tout moment de la journ\u00e9e, que ce soit avant ou apr\u00e8s vos s\u00e9ances\nd\u2019entra\u00eenement, en d\u00e9placement ou chaque fois que vous avez besoin de consommer\nune source de prot\u00e9ines de haute qualit\u00e9.<\/p>\n\n\n\n<p><strong>Les avantages cl\u00e9s<\/strong><\/p>\n\n\n\n<p>\u2713 25 gr de prot\u00e9ines\npar portion.<\/p>\n\n\n\n<p>\u2713 M\u00e9lange de trois\ntypes de Whey ultra-premium.<\/p>\n\n\n\n<p>\u2713 Seulement 2 gr de\nglucides et 1 gr de lipides par portion.<\/p>\n\n\n\n<p>\u2713 Seulement 10 mg de\ncholest\u00e9rol \u2013 le taux le plus bas sur le march\u00e9.<\/p>\n\n\n\n<p>\u2713 Quatre saveurs\nd\u00e9licieuses: Fudge au chocolat, Cookies et cr\u00e8me, Milkshake aux fraises et\nGlace \u00e0 la vanille.<\/p>\n\n\n\n<p><strong>Conclusion<\/strong><\/p>\n\n\n\n<p>Le but de Thewhey est de v\u00e9ritablement\nd\u00e9finir une nouvelle norme par rapport \u00e0 d\u2019autres produits similaires.\nD\u00e9sormais, quand il s\u2019agit de prot\u00e9ine de lactos\u00e9rum, il est temps de commencer\n\u00e0 penser \u00e0 la qualit\u00e9 et \u00e0 ce que vous donnez vraiment \u00e0 votre corps.<\/p>\n\n\n\n<p>Ainsi, avec tous ses avantages, vous n\u2019avez\npas \u00e0 chercher plus loin que Thewhey lorsque vous souhaitez choisir une\nnouvelle prot\u00e9ine de lactos\u00e9rum pour vous aider \u00e0 atteindre vos objectifs et\nvous accompagner au quotidien.<\/p>\n","protected":false},"excerpt":{"rendered":"<p>Qu\u2019est-ce que THEWHEY ? nouvelles normes en mati\u00e8re de nutrition sportive. \u00ab&nbsp;Thewhey&nbsp;\u00bb est une prot\u00e9ine de lactos\u00e9rum de premi\u00e8re qualit\u00e9 qui a \u00e9t\u00e9 sp\u00e9cialement con\u00e7ue et d\u00e9velopp\u00e9e afin de favoriser la r\u00e9cup\u00e9ration et la croissance musculaire. Voici tout ce que vous devez savoir sur Thewhey. Il existe des tas de<\/p>\n<div class=\"belowpost\"><a class=\"btnmore icon-arrow\" href=\"http:\/\/www.cedricko.com\/?page_id=578\"><span>Read More<\/span><\/a><\/div>\n","protected":false},"author":1,"featured_media":0,"parent":88,"menu_order":0,"comment_status":"closed","ping_status":"closed","template":"","meta":{"_bbp_topic_count":0,"_bbp_reply_count":0,"_bbp_total_topic_count":0,"_bbp_total_reply_count":0,"_bbp_voice_count":0,"_bbp_anonymous_reply_count":0,"_bbp_topic_count_hidden":0,"_bbp_reply_count_hidden":0,"_bbp_forum_subforum_count":0},"_links":{"self":[{"href":"http:\/\/www.cedricko.com\/index.php?rest_route=\/wp\/v2\/pages\/578"}],"collection":[{"href":"http:\/\/www.cedricko.com\/index.php?rest_route=\/wp\/v2\/pages"}],"about":[{"href":"http:\/\/www.cedricko.com\/index.php?rest_route=\/wp\/v2\/types\/page"}],"author":[{"embeddable":true,"href":"http:\/\/www.cedricko.com\/index.php?rest_route=\/wp\/v2\/users\/1"}],"replies":[{"embeddable":true,"href":"http:\/\/www.cedricko.com\/index.php?rest_route=%2Fwp%2Fv2%2Fcomments&post=578"}],"version-history":[{"count":1,"href":"http:\/\/www.cedricko.com\/index.php?rest_route=\/wp\/v2\/pages\/578\/revisions"}],"predecessor-version":[{"id":579,"href":"http:\/\/www.cedricko.com\/index.php?rest_route=\/wp\/v2\/pages\/578\/revisions\/579"}],"up":[{"embeddable":true,"href":"http:\/\/www.cedricko.com\/index.php?rest_route=\/wp\/v2\/pages\/88"}],"wp:attachment":[{"href":"http:\/\/www.cedricko.com\/index.php?rest_route=%2Fwp%2Fv2%2Fmedia&parent=578"}],"curies":[{"name":"wp","href":"https:\/\/api.w.org\/{rel}","templated":true}]}}