{"id":428,"date":"2019-04-03T11:46:21","date_gmt":"2019-04-03T11:46:21","guid":{"rendered":"http:\/\/www.cedricko.com\/?page_id=428"},"modified":"2019-04-03T11:46:21","modified_gmt":"2019-04-03T11:46:21","slug":"vitamine-b9","status":"publish","type":"page","link":"http:\/\/www.cedricko.com\/?page_id=428","title":{"rendered":"Vitamine B9"},"content":{"rendered":"<p><br>\n<br>\n<!--StartFragment--><\/p>\n\n\n<p><strong>Qu\u2019est-ce que c\u2019est ?<\/strong><br> La vitamine B9, ou folates, est une vitamine hydrosoluble dont le nom vient du latin \u00ab folium \u00bb, qui signifie \u00ab feuilles \u00bb en latin, car on la trouve principalement dans les feuilles des v\u00e9g\u00e9taux. On l\u2019appelle parfois vitamine M, ou encore acide folique. C\u2019est la vitamine la plus connue des femmes enceintes, car elle est utilis\u00e9e pour pr\u00e9venir les malformations du tube neural chez le f\u0153tus, et est quasi syst\u00e9matiquement prescrite en cas de grossesse ou de d\u00e9sir de grossesse.<br> <\/p>\n\n\n\n<p><strong>A quoi \u00e7a sert ?<\/strong><br> La vitamine B9 joue un r\u00f4le essentiel dans la constitution du mat\u00e9riel g\u00e9n\u00e9tique (ADN et ARN), ainsi que dans la synth\u00e8se de certains acides amin\u00e9s indispensables \u00e0 la croissance de l\u2019organisme (comme la m\u00e9thionine).<br> Elle est un \u00e9l\u00e9ment essentiel dans la formation normale des globules rouges, et dans la reproduction cellulaire, d\u2019o\u00f9 son importance pendant les p\u00e9riodes de croissance comme l\u2019enfance, l\u2019adolescence ou la grossesse.<br> Elle participe \u00e9galement au fonctionnement du syst\u00e8me nerveux, en intervenant dans la synth\u00e8se de certains neurotransmetteurs comme la s\u00e9rotonine, ainsi que du syst\u00e8me immunitaire.<br> Elle permet l\u2019\u00e9puration de l\u2019homocyst\u00e9ine, un acide amin\u00e9 soufr\u00e9 toxique qui peut s\u2019accumuler dans le cerveau et les art\u00e8res.<br> Enfin, elle est indispensable en pr\u00e9vention de malformations du tube neural chez l\u2019enfant.<br> <\/p>\n\n\n\n<p><strong>O\u00f9 la trouve-t-on ?<\/strong><br> On trouve la vitamine B9 en majorit\u00e9 dans les feuilles des v\u00e9g\u00e9taux. Les principales sources sont : les l\u00e9gumes verts (\u00e9pinards, choux de Bruxelles, haricots verts, laitue, m\u00e2che, concombres, asperges, etc.), mais aussi les lentilles, les graines, les pois chiches, le soja, les abats, le foie, etc.<br> <\/p>\n\n\n\n<p><strong>Carence et exc\u00e8s<\/strong><br> Les cas d\u2019exc\u00e8s sont rares, l\u2019exc\u00e9dent \u00e9tant g\u00e9n\u00e9ralement \u00e9limin\u00e9 par les urines.<br> Les apports en vitamine B9 doivent \u00eatre particuli\u00e8rement surveill\u00e9s pendant la grossesse et la p\u00e9riode de conception. Des suppl\u00e9ments sont la plupart du temps prescrits durant ces p\u00e9riodes.<br> Les besoins peuvent \u00e9galement \u00eatre accrus chez les personnes \u00e2g\u00e9es, les personnes d\u00e9pressives, les fumeurs, etc.<\/p>\n\n\n<p><!--EndFragment--><br>\n<br>\n<\/p>","protected":false},"excerpt":{"rendered":"<p>Qu\u2019est-ce que c\u2019est ? La vitamine B9, ou folates, est une vitamine hydrosoluble dont le nom vient du latin \u00ab folium \u00bb, qui signifie \u00ab feuilles \u00bb en latin, car on la trouve principalement dans les feuilles des v\u00e9g\u00e9taux. On l\u2019appelle parfois vitamine M, ou encore acide folique. C\u2019est la<\/p>\n<div class=\"belowpost\"><a class=\"btnmore icon-arrow\" href=\"http:\/\/www.cedricko.com\/?page_id=428\"><span>Read More<\/span><\/a><\/div>\n","protected":false},"author":1,"featured_media":0,"parent":103,"menu_order":0,"comment_status":"closed","ping_status":"closed","template":"","meta":{"_bbp_topic_count":0,"_bbp_reply_count":0,"_bbp_total_topic_count":0,"_bbp_total_reply_count":0,"_bbp_voice_count":0,"_bbp_anonymous_reply_count":0,"_bbp_topic_count_hidden":0,"_bbp_reply_count_hidden":0,"_bbp_forum_subforum_count":0},"_links":{"self":[{"href":"http:\/\/www.cedricko.com\/index.php?rest_route=\/wp\/v2\/pages\/428"}],"collection":[{"href":"http:\/\/www.cedricko.com\/index.php?rest_route=\/wp\/v2\/pages"}],"about":[{"href":"http:\/\/www.cedricko.com\/index.php?rest_route=\/wp\/v2\/types\/page"}],"author":[{"embeddable":true,"href":"http:\/\/www.cedricko.com\/index.php?rest_route=\/wp\/v2\/users\/1"}],"replies":[{"embeddable":true,"href":"http:\/\/www.cedricko.com\/index.php?rest_route=%2Fwp%2Fv2%2Fcomments&post=428"}],"version-history":[{"count":1,"href":"http:\/\/www.cedricko.com\/index.php?rest_route=\/wp\/v2\/pages\/428\/revisions"}],"predecessor-version":[{"id":429,"href":"http:\/\/www.cedricko.com\/index.php?rest_route=\/wp\/v2\/pages\/428\/revisions\/429"}],"up":[{"embeddable":true,"href":"http:\/\/www.cedricko.com\/index.php?rest_route=\/wp\/v2\/pages\/103"}],"wp:attachment":[{"href":"http:\/\/www.cedricko.com\/index.php?rest_route=%2Fwp%2Fv2%2Fmedia&parent=428"}],"curies":[{"name":"wp","href":"https:\/\/api.w.org\/{rel}","templated":true}]}}