{"id":422,"date":"2019-04-03T11:43:55","date_gmt":"2019-04-03T11:43:55","guid":{"rendered":"http:\/\/www.cedricko.com\/?page_id=422"},"modified":"2019-04-03T11:43:55","modified_gmt":"2019-04-03T11:43:55","slug":"vitamine-b8","status":"publish","type":"page","link":"http:\/\/www.cedricko.com\/?page_id=422","title":{"rendered":"Vitamine B8"},"content":{"rendered":"<p><br>\n<br>\n<!--StartFragment--><\/p>\n\n\n<p><strong>Qu\u2019est-ce que c\u2019est ?<\/strong><br> La vitamine B8, ou biotine, est une vitamine hydrosoluble, parfois encore appel\u00e9e vitamine H.<br> Elle est synth\u00e9tis\u00e9e par le corps en grande partie, mais un apport par l\u2019alimentation est n\u00e9cessaire pour couvrir les besoins, car elle n\u2019est stock\u00e9e qu\u2019en petite quantit\u00e9 et excr\u00e9t\u00e9e dans les urines.<br> <\/p>\n\n\n\n<p><strong>A quoi \u00e7a sert ?<\/strong><br> La vitamine B8 joue un r\u00f4le cl\u00e9 dans le m\u00e9tabolisme des graisses, des glucides et des acides amin\u00e9s, et participe donc activement \u00e0 la production d\u2019\u00e9nergie.<br> Elle contribue \u00e9galement \u00e0 renforcer la peau, les cheveux et les ongles, ce qui fait qu\u2019elle est utilis\u00e9e dans de nombreux produits cosm\u00e9tiques.<br> Elle favorise \u00e9galement la synth\u00e8se et l\u2019utilisation des vitamines B9 et B12.<br> <\/p>\n\n\n\n<p><strong>O\u00f9 la trouve-t-on ?<\/strong><br> La vitamine B8 est pr\u00e9sente dans un grand nombre d\u2019aliments, mais souvent en faibles quantit\u00e9s. Les meilleures sources comprennent : le foie, les \u0153ufs, le lait, le soja, les l\u00e9gumineuses (lentilles, etc.), les noix, la levure de bi\u00e8re, la gel\u00e9e royale, les choux, les bananes, les grains entiers, etc.<br> <\/p>\n\n\n\n<p><strong>Carence et exc\u00e8s<\/strong><br> Les exc\u00e8s comme les carences sont rares, les besoins \u00e9tant facilement couverts par l\u2019alimentation.<br> Les besoins peuvent \u00eatre accrus chez les sportifs, les femmes enceintes ou qui allaitent, les alcooliques, ou chez les personnes consommant beaucoup de blancs d\u2019\u0153ufs crus : en effet, ces derniers sont riches en avidine, une prot\u00e9ine qui emp\u00eache l\u2019absorption de la vitamine B8, et la rend de ce fait inactive ; l\u2019action de l\u2019avidine \u00e9tant cependant annihil\u00e9e par la cuisson, cette propri\u00e9t\u00e9 ne concerne pas les blancs d\u2019\u0153ufs cuits<\/p>\n\n\n<p><!--EndFragment--><br>\n<br>\n<\/p>","protected":false},"excerpt":{"rendered":"<p>Qu\u2019est-ce que c\u2019est ? La vitamine B8, ou biotine, est une vitamine hydrosoluble, parfois encore appel\u00e9e vitamine H. Elle est synth\u00e9tis\u00e9e par le corps en grande partie, mais un apport par l\u2019alimentation est n\u00e9cessaire pour couvrir les besoins, car elle n\u2019est stock\u00e9e qu\u2019en petite quantit\u00e9 et excr\u00e9t\u00e9e dans les urines.<\/p>\n<div class=\"belowpost\"><a class=\"btnmore icon-arrow\" href=\"http:\/\/www.cedricko.com\/?page_id=422\"><span>Read More<\/span><\/a><\/div>\n","protected":false},"author":1,"featured_media":0,"parent":103,"menu_order":0,"comment_status":"closed","ping_status":"closed","template":"","meta":{"_bbp_topic_count":0,"_bbp_reply_count":0,"_bbp_total_topic_count":0,"_bbp_total_reply_count":0,"_bbp_voice_count":0,"_bbp_anonymous_reply_count":0,"_bbp_topic_count_hidden":0,"_bbp_reply_count_hidden":0,"_bbp_forum_subforum_count":0},"_links":{"self":[{"href":"http:\/\/www.cedricko.com\/index.php?rest_route=\/wp\/v2\/pages\/422"}],"collection":[{"href":"http:\/\/www.cedricko.com\/index.php?rest_route=\/wp\/v2\/pages"}],"about":[{"href":"http:\/\/www.cedricko.com\/index.php?rest_route=\/wp\/v2\/types\/page"}],"author":[{"embeddable":true,"href":"http:\/\/www.cedricko.com\/index.php?rest_route=\/wp\/v2\/users\/1"}],"replies":[{"embeddable":true,"href":"http:\/\/www.cedricko.com\/index.php?rest_route=%2Fwp%2Fv2%2Fcomments&post=422"}],"version-history":[{"count":1,"href":"http:\/\/www.cedricko.com\/index.php?rest_route=\/wp\/v2\/pages\/422\/revisions"}],"predecessor-version":[{"id":423,"href":"http:\/\/www.cedricko.com\/index.php?rest_route=\/wp\/v2\/pages\/422\/revisions\/423"}],"up":[{"embeddable":true,"href":"http:\/\/www.cedricko.com\/index.php?rest_route=\/wp\/v2\/pages\/103"}],"wp:attachment":[{"href":"http:\/\/www.cedricko.com\/index.php?rest_route=%2Fwp%2Fv2%2Fmedia&parent=422"}],"curies":[{"name":"wp","href":"https:\/\/api.w.org\/{rel}","templated":true}]}}